{"id":2275,"date":"2026-04-28T18:35:52","date_gmt":"2026-04-28T18:35:52","guid":{"rendered":"https:\/\/symbionb.ca\/?page_id=2275"},"modified":"2026-05-05T18:06:48","modified_gmt":"2026-05-05T18:06:48","slug":"ressources","status":"publish","type":"page","link":"https:\/\/symbionb.ca\/fr\/ressources\/","title":{"rendered":"Ressources"},"content":{"rendered":"<section class=\"basic-hero-section py-8 md:py-16 bg-lightgrey-500 relative\" id=\"block_4c5abc6d53ad676a6dd2967fe4cccf9c\">\r\n  \r\n  <div class=\"container column-main flex flex-col sm:flex-row sm:items-center gap-8 md:max-w-[975px]\">\r\n    <div class=\"sm:max-w-[300px] md:max-w-[400px] w-full flex flex-col gap-6\">\r\n                    <div class=\"h5 font-bold text-black m-0\">Nouvelle infographie : Qu'est-ce que Symbio ? <\/div>\r\n                    <div class=\"text-p3 text-jet-250\"><p><a href=\"https:\/\/symbionb.ca\/wp-content\/uploads\/2026\/05\/Arguments-en-faveur-du-changement_Finale.pdf\"><u>Ouvrez le PDF<\/u><\/a> pour d\u00e9couvrir ce qu&#8217;est Symbio et pourquoi c&#8217;est important. T\u00e9l\u00e9chargez et imprimez l&#8217;infographie ou faites-en une capture d&#8217;\u00e9cran pour la partager avec vos \u00e9quipes, susciter des discussions et maintenir la dynamique.<\/p>\n<\/div>\r\n                    <div class=\"pt-4 md:pt-6\">\r\n                      <a href=\"https:\/\/symbionb.ca\/wp-content\/uploads\/2026\/05\/Arguments-en-faveur-du-changement_Finale.pdf\" class=\"btn solid grey justify-center w-full sm:w-auto\" target=\"_blank\" title=\"Cliquez pour afficher le PDF\">\r\n              Cliquez pour afficher le PDF            <\/a>\r\n                  <\/div>\r\n          <\/div>\r\n\r\n    <div class=\"w-full md:max-w-[540px] flex-1\">\r\n              <img width=\"2000\" height=\"1414\" src=\"https:\/\/symbionb.ca\/wp-content\/uploads\/2026\/05\/Arguments-en-faveur-du-changement_Finale.jpg\" class=\"w-full h-auto object-contain\" alt=\"\" fetchpriority=\"high\" srcset=\"https:\/\/symbionb.ca\/wp-content\/uploads\/2026\/05\/Arguments-en-faveur-du-changement_Finale.jpg 2000w, https:\/\/symbionb.ca\/wp-content\/uploads\/2026\/05\/Arguments-en-faveur-du-changement_Finale-300x212.jpg 300w, https:\/\/symbionb.ca\/wp-content\/uploads\/2026\/05\/Arguments-en-faveur-du-changement_Finale-1024x724.jpg 1024w, https:\/\/symbionb.ca\/wp-content\/uploads\/2026\/05\/Arguments-en-faveur-du-changement_Finale-768x543.jpg 768w, https:\/\/symbionb.ca\/wp-content\/uploads\/2026\/05\/Arguments-en-faveur-du-changement_Finale-1536x1086.jpg 1536w\" sizes=\"(max-width: 2000px) 100vw, 2000px\" \/>          <\/div>\r\n  <\/div>\r\n<\/section><section class=\"cta-banner relative w-full h-auto flex items-center justify-center overflow-hidden\" id=\"block_dc17d527f6b2dc7fd9d6f003e25a5dab\">\r\n  \r\n      <!-- Desktop Image -->\r\n    <img src=\"https:\/\/symbionb.ca\/wp-content\/uploads\/2025\/09\/bg-cta-main.png\" alt=\"\" class=\"hidden md:block absolute inset-0 w-full h-full object-cover z-0\" \/>\r\n        <!-- Mobile Image -->\r\n    <img src=\"https:\/\/symbionb.ca\/wp-content\/uploads\/2025\/09\/bg-cta-main-mobile.svg\" alt=\"\" class=\"block md:hidden absolute inset-0 w-full h-full object-cover z-0\" \/>\r\n  \r\n      <div class=\"relative z-10 w-full max-w-[920px] mx-auto pt-14 pb-20 md:pt-[160px] md:pb-[100px]\">\r\n      <div class=\"container column-main flex flex-col gap-8 items-center justify-center text-center\">\r\n                  <h3 class=\"font-medium text-black m-0\">De meilleures d\u00e9cisions pour de meilleurs soins. <\/br> Mieux d\u00e9cider pour mieux soigner.<\/h3>\r\n                              <\/div>\r\n        <\/div>\r\n<\/section>","protected":false},"excerpt":{"rendered":"<p>Nouvelle infographie : Qu&#8217;est-ce que Symbio ? Ouvrez le PDF pour d\u00e9couvrir ce qu&#8217;est Symbio et pourquoi c&#8217;est important. T\u00e9l\u00e9chargez et imprimez l&#8217;infographie ou faites-en une capture d&#8217;\u00e9cran pour la partager avec vos \u00e9quipes, susciter des discussions et maintenir la dynamique. Cliquez pour afficher le PDF De meilleures d\u00e9cisions pour de meilleurs soins. Mieux d\u00e9cider [&hellip;]<\/p>\n","protected":false},"author":2,"featured_media":0,"parent":0,"menu_order":5,"comment_status":"closed","ping_status":"closed","template":"","meta":{"_acf_changed":false,"footnotes":""},"class_list":["post-2275","page","type-page","status-publish","hentry"],"acf":[],"yoast_head":"<!-- This site is optimized with the Yoast SEO plugin v27.5 - https:\/\/yoast.com\/product\/yoast-seo-wordpress\/ -->\n<title>Ressources - Symbio<\/title>\n<meta name=\"robots\" content=\"index, follow, max-snippet:-1, max-image-preview:large, max-video-preview:-1\" \/>\n<link rel=\"canonical\" href=\"https:\/\/symbionb.ca\/fr\/ressources\/\" \/>\n<meta property=\"og:locale\" content=\"fr_FR\" \/>\n<meta property=\"og:type\" content=\"article\" \/>\n<meta property=\"og:title\" content=\"Ressources - Symbio\" \/>\n<meta property=\"og:description\" content=\"Nouvelle infographie : Qu&#039;est-ce que Symbio ? Ouvrez le PDF pour d\u00e9couvrir ce qu&#8217;est Symbio et pourquoi c&#8217;est important. T\u00e9l\u00e9chargez et imprimez l&#8217;infographie ou faites-en une capture d&#8217;\u00e9cran pour la partager avec vos \u00e9quipes, susciter des discussions et maintenir la dynamique. Cliquez pour afficher le PDF De meilleures d\u00e9cisions pour de meilleurs soins. Mieux d\u00e9cider [&hellip;]\" \/>\n<meta property=\"og:url\" content=\"https:\/\/symbionb.ca\/fr\/ressources\/\" \/>\n<meta property=\"og:site_name\" content=\"Symbio\" \/>\n<meta property=\"article:modified_time\" content=\"2026-05-05T18:06:48+00:00\" \/>\n<meta name=\"twitter:card\" content=\"summary_large_image\" \/>\n<script type=\"application\/ld+json\" class=\"yoast-schema-graph\">{\"@context\":\"https:\\\/\\\/schema.org\",\"@graph\":[{\"@type\":\"WebPage\",\"@id\":\"https:\\\/\\\/symbionb.ca\\\/fr\\\/ressources\\\/\",\"url\":\"https:\\\/\\\/symbionb.ca\\\/fr\\\/ressources\\\/\",\"name\":\"Ressources - Symbio\",\"isPartOf\":{\"@id\":\"https:\\\/\\\/symbionb.ca\\\/fr\\\/#website\"},\"datePublished\":\"2026-04-28T18:35:52+00:00\",\"dateModified\":\"2026-05-05T18:06:48+00:00\",\"breadcrumb\":{\"@id\":\"https:\\\/\\\/symbionb.ca\\\/fr\\\/ressources\\\/#breadcrumb\"},\"inLanguage\":\"fr-FR\",\"potentialAction\":[{\"@type\":\"ReadAction\",\"target\":[\"https:\\\/\\\/symbionb.ca\\\/fr\\\/ressources\\\/\"]}]},{\"@type\":\"BreadcrumbList\",\"@id\":\"https:\\\/\\\/symbionb.ca\\\/fr\\\/ressources\\\/#breadcrumb\",\"itemListElement\":[{\"@type\":\"ListItem\",\"position\":1,\"name\":\"Home\",\"item\":\"https:\\\/\\\/symbionb.ca\\\/fr\\\/\"},{\"@type\":\"ListItem\",\"position\":2,\"name\":\"Ressources\"}]},{\"@type\":\"WebSite\",\"@id\":\"https:\\\/\\\/symbionb.ca\\\/fr\\\/#website\",\"url\":\"https:\\\/\\\/symbionb.ca\\\/fr\\\/\",\"name\":\"Symbio\",\"description\":\"\",\"publisher\":{\"@id\":\"https:\\\/\\\/symbionb.ca\\\/fr\\\/#organization\"},\"potentialAction\":[{\"@type\":\"SearchAction\",\"target\":{\"@type\":\"EntryPoint\",\"urlTemplate\":\"https:\\\/\\\/symbionb.ca\\\/fr\\\/?s={search_term_string}\"},\"query-input\":{\"@type\":\"PropertyValueSpecification\",\"valueRequired\":true,\"valueName\":\"search_term_string\"}}],\"inLanguage\":\"fr-FR\"},{\"@type\":\"Organization\",\"@id\":\"https:\\\/\\\/symbionb.ca\\\/fr\\\/#organization\",\"name\":\"Symbio\",\"url\":\"https:\\\/\\\/symbionb.ca\\\/fr\\\/\",\"logo\":{\"@type\":\"ImageObject\",\"inLanguage\":\"fr-FR\",\"@id\":\"https:\\\/\\\/symbionb.ca\\\/fr\\\/#\\\/schema\\\/logo\\\/image\\\/\",\"url\":\"https:\\\/\\\/symbionb.ca\\\/wp-content\\\/uploads\\\/2025\\\/09\\\/logo-horizontal-peach-black.svg\",\"contentUrl\":\"https:\\\/\\\/symbionb.ca\\\/wp-content\\\/uploads\\\/2025\\\/09\\\/logo-horizontal-peach-black.svg\",\"width\":1,\"height\":1,\"caption\":\"Symbio\"},\"image\":{\"@id\":\"https:\\\/\\\/symbionb.ca\\\/fr\\\/#\\\/schema\\\/logo\\\/image\\\/\"}}]}<\/script>\n<!-- \/ Yoast SEO plugin. -->","yoast_head_json":{"title":"Ressources - Symbio","robots":{"index":"index","follow":"follow","max-snippet":"max-snippet:-1","max-image-preview":"max-image-preview:large","max-video-preview":"max-video-preview:-1"},"canonical":"https:\/\/symbionb.ca\/fr\/ressources\/","og_locale":"fr_FR","og_type":"article","og_title":"Ressources - Symbio","og_description":"Nouvelle infographie : Qu'est-ce que Symbio ? Ouvrez le PDF pour d\u00e9couvrir ce qu&#8217;est Symbio et pourquoi c&#8217;est important. T\u00e9l\u00e9chargez et imprimez l&#8217;infographie ou faites-en une capture d&#8217;\u00e9cran pour la partager avec vos \u00e9quipes, susciter des discussions et maintenir la dynamique. Cliquez pour afficher le PDF De meilleures d\u00e9cisions pour de meilleurs soins. Mieux d\u00e9cider [&hellip;]","og_url":"https:\/\/symbionb.ca\/fr\/ressources\/","og_site_name":"Symbio","article_modified_time":"2026-05-05T18:06:48+00:00","twitter_card":"summary_large_image","schema":{"@context":"https:\/\/schema.org","@graph":[{"@type":"WebPage","@id":"https:\/\/symbionb.ca\/fr\/ressources\/","url":"https:\/\/symbionb.ca\/fr\/ressources\/","name":"Ressources - Symbio","isPartOf":{"@id":"https:\/\/symbionb.ca\/fr\/#website"},"datePublished":"2026-04-28T18:35:52+00:00","dateModified":"2026-05-05T18:06:48+00:00","breadcrumb":{"@id":"https:\/\/symbionb.ca\/fr\/ressources\/#breadcrumb"},"inLanguage":"fr-FR","potentialAction":[{"@type":"ReadAction","target":["https:\/\/symbionb.ca\/fr\/ressources\/"]}]},{"@type":"BreadcrumbList","@id":"https:\/\/symbionb.ca\/fr\/ressources\/#breadcrumb","itemListElement":[{"@type":"ListItem","position":1,"name":"Home","item":"https:\/\/symbionb.ca\/fr\/"},{"@type":"ListItem","position":2,"name":"Ressources"}]},{"@type":"WebSite","@id":"https:\/\/symbionb.ca\/fr\/#website","url":"https:\/\/symbionb.ca\/fr\/","name":"Symbio","description":"","publisher":{"@id":"https:\/\/symbionb.ca\/fr\/#organization"},"potentialAction":[{"@type":"SearchAction","target":{"@type":"EntryPoint","urlTemplate":"https:\/\/symbionb.ca\/fr\/?s={search_term_string}"},"query-input":{"@type":"PropertyValueSpecification","valueRequired":true,"valueName":"search_term_string"}}],"inLanguage":"fr-FR"},{"@type":"Organization","@id":"https:\/\/symbionb.ca\/fr\/#organization","name":"Symbio","url":"https:\/\/symbionb.ca\/fr\/","logo":{"@type":"ImageObject","inLanguage":"fr-FR","@id":"https:\/\/symbionb.ca\/fr\/#\/schema\/logo\/image\/","url":"https:\/\/symbionb.ca\/wp-content\/uploads\/2025\/09\/logo-horizontal-peach-black.svg","contentUrl":"https:\/\/symbionb.ca\/wp-content\/uploads\/2025\/09\/logo-horizontal-peach-black.svg","width":1,"height":1,"caption":"Symbio"},"image":{"@id":"https:\/\/symbionb.ca\/fr\/#\/schema\/logo\/image\/"}}]}},"_links":{"self":[{"href":"https:\/\/symbionb.ca\/fr\/wp-json\/wp\/v2\/pages\/2275","targetHints":{"allow":["GET"]}}],"collection":[{"href":"https:\/\/symbionb.ca\/fr\/wp-json\/wp\/v2\/pages"}],"about":[{"href":"https:\/\/symbionb.ca\/fr\/wp-json\/wp\/v2\/types\/page"}],"author":[{"embeddable":true,"href":"https:\/\/symbionb.ca\/fr\/wp-json\/wp\/v2\/users\/2"}],"replies":[{"embeddable":true,"href":"https:\/\/symbionb.ca\/fr\/wp-json\/wp\/v2\/comments?post=2275"}],"version-history":[{"count":3,"href":"https:\/\/symbionb.ca\/fr\/wp-json\/wp\/v2\/pages\/2275\/revisions"}],"predecessor-version":[{"id":2281,"href":"https:\/\/symbionb.ca\/fr\/wp-json\/wp\/v2\/pages\/2275\/revisions\/2281"}],"wp:attachment":[{"href":"https:\/\/symbionb.ca\/fr\/wp-json\/wp\/v2\/media?parent=2275"}],"curies":[{"name":"wp","href":"https:\/\/api.w.org\/{rel}","templated":true}]}}